{"id":2022,"date":"2019-07-15T16:19:41","date_gmt":"2019-07-15T14:19:41","guid":{"rendered":"http:\/\/www.piccolohotelversilia.it\/home-de\/"},"modified":"2023-02-23T09:35:45","modified_gmt":"2023-02-23T08:35:45","slug":"home-de","status":"publish","type":"page","link":"https:\/\/www.piccolohotelversilia.it\/de\/","title":{"rendered":"Home DE"},"content":{"rendered":"<p><div id=\"HNE-form\" class=\"fusion-fullwidth fullwidth-box nonhundred-percent-fullwidth non-hundred-percent-height-scrolling\"  style='background-color: rgba(255,255,255,0);background-position: center center;background-repeat: no-repeat;padding-top:0px;padding-right:0px;padding-bottom:0px;padding-left:0px;'><div class=\"fusion-builder-row fusion-row \"><div  class=\"fusion-layout-column fusion_builder_column fusion_builder_column_1_1 fusion-builder-column-1 fusion-one-full fusion-column-first fusion-column-last 1_1\"  style='margin-top:0px;margin-bottom:20px;'>\n\t\t\t\t\t<div class=\"fusion-column-wrapper\" style=\"padding: 0px 0px 0px 0px;background-position:left top;background-repeat:no-repeat;-webkit-background-size:cover;-moz-background-size:cover;-o-background-size:cover;background-size:cover;\"   data-bg-url=\"\">\n\t\t\t\t\t\t<a class=\"fusion-modal-text-link\" data-toggle=\"modal\" data-target=\".fusion-modal.HNE\" href=\"#\">\n<div class=\"quickSearch\"><\/div>\n<p><script src=\"https:\/\/scripts.resasecure.net\/serv_jScript\/webLibraries\/js\/ext\/HNEwidget.js\"><\/script><\/p>\n<p><script type=\"text\/javascript\">\n\u2003\u2003jQuery(document).ready(function () {\n\u2003\u2003\u2003\u2003jQuery(\".quickSearch\").HNetBOL({\n\u2003\u2003\u2003\u2003\u2003\u2003hotel: 10267,\n\u2003\u2003\u2003\u2003\u2003\u2003hasPromo: true,\n\u2003\u2003\u2003\u2003\u2003\u2003maxNights: 30,\n\u2003\u2003\u2003\u2003\u2003\u2003maxAdults: 4,\n\u2003\u2003\u2003\u2003\u2003\u2003maxRooms: 4,\n\u2003\u2003\u2003\u2003\u2003\u2003maxChildren: 2,\n\u2003\u2003\u2003\u2003\u2003\u2003maxChildAge: 12,\n\u2003\u2003\u2003\u2003\u2003\u2003language: \"de\",\n\u2003\u2003\u2003\u2003\u2003\u2003forceVertical: false,\n\u2003\u2003\u2003\u2003\u2003\u2003hasBestPrice: true,\n\u2003\u2003\u2003\u2003\u2003\u2003availableDate: \"2023-2-22\",\n\u2003\u2003\u2003\u2003\u2003\u2003themeActionColor: \"#428bca\",\n\u2003\u2003\u2003\u2003\u2003\u2003themeActionTextColor: \"#555555\",\n\u2003\u2003\u2003\u2003\u2003\u2003hideBestPriceAfter: 30,\n\u2003\u2003\u2003\u2003\u2003\u2003openMode: 3,\n\u2003\u2003\u2003\u2003\u2003\u2003popupWidth: 1100,\n\u2003\u2003\u2003\u2003\u2003\u2003popupHeight: 650\n\u2003\u2003\u2003\u2003});\n\u2003\u2003});\n<\/script><\/a><div class=\"fusion-clearfix\"><\/div>\n\n\t\t\t\t\t<\/div>\n\t\t\t\t<\/div><\/div><\/div><div class=\"fusion-fullwidth fullwidth-box nonhundred-percent-fullwidth non-hundred-percent-height-scrolling fusion-equal-height-columns\"  style='background-color: rgba(255,255,255,0);background-position: left top;background-repeat: no-repeat;padding-top:0px;padding-right:0px;padding-bottom:0px;padding-left:0px;border-top-width:0px;border-bottom-width:0px;border-color:#eae9e9;border-top-style:solid;border-bottom-style:solid;'><div class=\"fusion-builder-row fusion-row \"><div  class=\"fusion-layout-column fusion_builder_column fusion_builder_column_2_3 fusion-builder-column-2 fusion-two-third fusion-column-first 2_3\"  style='margin-top:0px;margin-bottom:20px;'>\n\t\t\t\t\t<div class=\"fusion-column-wrapper\" style=\"padding: 0px 0px 0px 0px;background-position:right bottom;background-repeat:no-repeat;-webkit-background-size:cover;-moz-background-size:cover;-o-background-size:cover;background-size:cover;\"   data-bg-url=\"\">\n\t\t\t\t\t\t<div class=\"fusion-text\"><p style=\"letter-spacing: 4px; font-size: 13px; margin-bottom: 0px;\">HOTEL IN MARINA DI CAMPO<\/p>\n<h1>Piccolo Hotel Versilia<\/h1>\n<p style=\"letter-spacing: 4px; font-size: 13px; margin-bottom: 0px;\">APERTO TUTTO L\u2019ANNO<\/p>\n<\/div><div class=\"fusion-sep-clear\"><\/div><div class=\"fusion-separator sep-single sep-solid\" style=\"border-color:#cbaa5c;border-top-width:1px;margin-top:0px;margin-bottom:20px;width:100%;max-width:50px;\"><\/div><div class=\"fusion-text\"><p style=\"text-align: left; padding-right: 80px;\">Das Hotel liegt in Marina di Campo, einer der Hauptattraktionen derInsel, ist das Piccolo Hotel Versilia in der N\u00e4he des Meeres und des Flughafens, in einer ruhigen und leicht zug\u00e4nglich.<\/p>\n<p style=\"text-align: left; padding-right: 80px;\">Jedes Zimmer ist mit Klimaanlage, K\u00fchlschrank, Fernseher, Haartrockner und kostenlosem WIFI ausgestattet. Gro\u00dfer Parkplatz.<\/p>\n<\/div><div class=\"fusion-sep-clear\"><\/div><div class=\"fusion-separator fusion-full-width-sep sep-none\" style=\"margin-left: auto;margin-right: auto;margin-top:10px;\"><\/div><div class=\"fusion-button-wrapper\"><style type=\"text\/css\" scoped=\"scoped\">.fusion-button.button-1 .fusion-button-text, .fusion-button.button-1 i {color:#105378;}.fusion-button.button-1 {border-width:0px;border-color:#105378;}.fusion-button.button-1 .fusion-button-icon-divider{border-color:#105378;}.fusion-button.button-1:hover .fusion-button-text, .fusion-button.button-1:hover i,.fusion-button.button-1:focus .fusion-button-text, .fusion-button.button-1:focus i,.fusion-button.button-1:active .fusion-button-text, .fusion-button.button-1:active{color:#105378;}.fusion-button.button-1:hover, .fusion-button.button-1:focus, .fusion-button.button-1:active{border-width:0px;border-color:#105378;}.fusion-button.button-1:hover .fusion-button-icon-divider, .fusion-button.button-1:hover .fusion-button-icon-divider, .fusion-button.button-1:active .fusion-button-icon-divider{border-color:#105378;}.fusion-button.button-1{width:auto;}<\/style><a class=\"fusion-button button-flat fusion-button-square button-large button-default button-1\" target=\"_self\" href=\"https:\/\/www.piccolohotelversilia.it\/de\/zimmer\/\"><span class=\"fusion-button-text fusion-button-text-right\">DIE ZIMMER<\/span><span class=\"fusion-button-icon-divider button-icon-divider-right\"><i class=\"fa-angle-right fas\"><\/i><\/span><\/a><\/div><div class=\"fusion-sep-clear\"><\/div><div class=\"fusion-separator fusion-full-width-sep sep-none\" style=\"margin-left: auto;margin-right: auto;margin-top:65px;\"><\/div><div class=\"fusion-clearfix\"><\/div>\n\n\t\t\t\t\t<\/div>\n\t\t\t\t<\/div><div  class=\"fusion-layout-column fusion_builder_column fusion_builder_column_1_3 fusion-builder-column-3 fusion-one-third fusion-column-last 1_3\"  style='margin-top:0px;margin-bottom:20px;'>\n\t\t\t\t\t<div class=\"fusion-column-wrapper\" style=\"padding: 0px 0px 0px 0px;background-image: url('https:\/\/www.piccolohotelversilia.it\/wp-content\/uploads\/2019\/02\/DSCF0889-1024x768.jpg');background-position:left top;background-repeat:no-repeat;-webkit-background-size:cover;-moz-background-size:cover;-o-background-size:cover;background-size:cover;\"   data-bg-url=\"https:\/\/www.piccolohotelversilia.it\/wp-content\/uploads\/2019\/02\/DSCF0889-1024x768.jpg\">\n\t\t\t\t\t\t<div class=\"fusion-clearfix\"><\/div>\n\n\t\t\t\t\t<\/div>\n\t\t\t\t<\/div><\/div><\/div><div class=\"fusion-fullwidth fullwidth-box hundred-percent-fullwidth non-hundred-percent-height-scrolling\"  style='background-color: rgba(255,255,255,0);background-position: center center;background-repeat: no-repeat;padding-top:0px;padding-right:0px;padding-bottom:0px;padding-left:0px;margin-top: -23px;'><div class=\"fusion-builder-row fusion-row \"><div  class=\"fusion-layout-column fusion_builder_column fusion_builder_column_1_1 fusion-builder-column-4 fusion-one-full fusion-column-first fusion-column-last fusion-column-no-min-height 1_1\"  style='margin-top:0px;margin-bottom:0px;'>\n\t\t\t\t\t<div class=\"fusion-column-wrapper\" style=\"padding: 0px 0px 0px 0px;background-position:left top;background-repeat:no-repeat;-webkit-background-size:cover;-moz-background-size:cover;-o-background-size:cover;background-size:cover;\"   data-bg-url=\"\">\n\t\t\t\t\t\t<div class=\"fusion-sep-clear\"><\/div><div class=\"fusion-separator fusion-full-width-sep sep-none\" style=\"margin-left: auto;margin-right: auto;margin-top:;\"><\/div><div class=\"fusion-clearfix\"><\/div>\n\n\t\t\t\t\t<\/div>\n\t\t\t\t<\/div><\/div><\/div><div class=\"fusion-fullwidth fullwidth-box fusion-blend-mode nonhundred-percent-fullwidth non-hundred-percent-height-scrolling fusion-equal-height-columns\"  style='background-color: rgba(173,173,173,0.35);background-position: left top;background-repeat: no-repeat;padding-top:100px;padding-right:0px;padding-bottom:50px;padding-left:0px;border-top-width:0px;border-bottom-width:0px;border-color:#eae9e9;border-top-style:solid;border-bottom-style:solid;'><div class=\"fusion-builder-row fusion-row \"><div  class=\"fusion-layout-column fusion_builder_column fusion_builder_column_1_1 fusion-builder-column-5 fusion-one-full fusion-column-first fusion-column-last fusion-column-no-min-height 1_1\"  style='margin-top:0px;margin-bottom:0px;'>\n\t\t\t\t\t<div class=\"fusion-column-wrapper\" style=\"padding: 0px 0px 0px 0px;background-position:left top;background-repeat:no-repeat;-webkit-background-size:cover;-moz-background-size:cover;-o-background-size:cover;background-size:cover;\"   data-bg-url=\"\">\n\t\t\t\t\t\t<div class=\"fusion-text\"><p style=\"letter-spacing: 4px; font-size: 13px; text-align: center; margin-bottom: 0px;\">AKTIVIT\u00c4TEN IM FREIEN<\/p>\n<h1 style=\"text-align: center;\">Outdoor-Sport an der Elbe<\/h1>\n<\/div><div class=\"fusion-sep-clear\"><\/div><div class=\"fusion-separator sep-single sep-solid\" style=\"border-color:#cbaa5c;border-top-width:1px;margin-left: auto;margin-right: auto;margin-top:0px;margin-bottom:65px;width:100%;max-width:50px;\"><\/div><div class=\"fusion-clearfix\"><\/div>\n\n\t\t\t\t\t<\/div>\n\t\t\t\t<\/div><div  class=\"fusion-layout-column fusion_builder_column fusion_builder_column_1_3 fusion-builder-column-6 fusion-one-third fusion-column-first 1_3\"  style='margin-top:0px;margin-bottom:20px;width:30.6666%; margin-right: 4%;'>\n\t\t\t\t\t<div class=\"fusion-column-wrapper\" style=\"padding: 0px 0px 0px 0px;background-position:left top;background-repeat:no-repeat;-webkit-background-size:cover;-moz-background-size:cover;-o-background-size:cover;background-size:cover;\"   data-bg-url=\"\">\n\t\t\t\t\t\t<div class=\"imageframe-liftup\"><span class=\"fusion-imageframe imageframe-none imageframe-1\"><img loading=\"lazy\" decoding=\"async\" src=\"https:\/\/www.piccolohotelversilia.it\/wp-content\/uploads\/2019\/02\/trekking-2.jpg\" width=\"1000\" height=\"567\" alt=\"\" title=\"trekking\" class=\"img-responsive wp-image-1916\" srcset=\"https:\/\/www.piccolohotelversilia.it\/wp-content\/uploads\/2019\/02\/trekking-2-200x113.jpg 200w, https:\/\/www.piccolohotelversilia.it\/wp-content\/uploads\/2019\/02\/trekking-2-400x227.jpg 400w, https:\/\/www.piccolohotelversilia.it\/wp-content\/uploads\/2019\/02\/trekking-2-600x340.jpg 600w, https:\/\/www.piccolohotelversilia.it\/wp-content\/uploads\/2019\/02\/trekking-2-800x454.jpg 800w, https:\/\/www.piccolohotelversilia.it\/wp-content\/uploads\/2019\/02\/trekking-2.jpg 1000w\" sizes=\"auto, (max-width: 1105px) 100vw, 400px\" \/><\/span><\/div><div class=\"fusion-text\"><h4>Trekking<\/h4>\n<p>Auf der Westseite von Elba gibt es zahlreiche Wanderwege.<\/p>\n<\/div><div class=\"fusion-clearfix\"><\/div>\n\n\t\t\t\t\t<\/div>\n\t\t\t\t<\/div><div  class=\"fusion-layout-column fusion_builder_column fusion_builder_column_1_3 fusion-builder-column-7 fusion-one-third 1_3\"  style='margin-top:0px;margin-bottom:20px;width:30.6666%; margin-right: 4%;'>\n\t\t\t\t\t<div class=\"fusion-column-wrapper\" style=\"padding: 0px 0px 0px 0px;background-position:left top;background-repeat:no-repeat;-webkit-background-size:cover;-moz-background-size:cover;-o-background-size:cover;background-size:cover;\"   data-bg-url=\"\">\n\t\t\t\t\t\t<div class=\"imageframe-liftup\"><span class=\"fusion-imageframe imageframe-none imageframe-2\"><img loading=\"lazy\" decoding=\"async\" src=\"https:\/\/www.piccolohotelversilia.it\/wp-content\/uploads\/2019\/02\/mtb-1.jpg\" width=\"1000\" height=\"567\" alt=\"\" title=\"mtb\" class=\"img-responsive wp-image-1914\" srcset=\"https:\/\/www.piccolohotelversilia.it\/wp-content\/uploads\/2019\/02\/mtb-1-200x113.jpg 200w, https:\/\/www.piccolohotelversilia.it\/wp-content\/uploads\/2019\/02\/mtb-1-400x227.jpg 400w, https:\/\/www.piccolohotelversilia.it\/wp-content\/uploads\/2019\/02\/mtb-1-600x340.jpg 600w, https:\/\/www.piccolohotelversilia.it\/wp-content\/uploads\/2019\/02\/mtb-1-800x454.jpg 800w, https:\/\/www.piccolohotelversilia.it\/wp-content\/uploads\/2019\/02\/mtb-1.jpg 1000w\" sizes=\"auto, (max-width: 1105px) 100vw, 400px\" \/><\/span><\/div><div class=\"fusion-text\"><h4>MTB<\/h4>\n<p>In der N\u00e4he des Hotels gibt es viele Wanderwege, auf denen Sie Elba mit dem Fahrrad erkunden k\u00f6nnen.<\/p>\n<\/div><div class=\"fusion-clearfix\"><\/div>\n\n\t\t\t\t\t<\/div>\n\t\t\t\t<\/div><div  class=\"fusion-layout-column fusion_builder_column fusion_builder_column_1_3 fusion-builder-column-8 fusion-one-third fusion-column-last 1_3\"  style='margin-top:0px;margin-bottom:20px;width:30.6666%'>\n\t\t\t\t\t<div class=\"fusion-column-wrapper\" style=\"padding: 0px 0px 0px 0px;background-position:left top;background-repeat:no-repeat;-webkit-background-size:cover;-moz-background-size:cover;-o-background-size:cover;background-size:cover;\"   data-bg-url=\"\">\n\t\t\t\t\t\t<div class=\"imageframe-liftup\"><span class=\"fusion-imageframe imageframe-none imageframe-3\"><img loading=\"lazy\" decoding=\"async\" src=\"https:\/\/www.piccolohotelversilia.it\/wp-content\/uploads\/2019\/02\/immersioni-1.jpg\" width=\"1000\" height=\"567\" alt=\"\" title=\"immersioni\" class=\"img-responsive wp-image-1912\" srcset=\"https:\/\/www.piccolohotelversilia.it\/wp-content\/uploads\/2019\/02\/immersioni-1-200x113.jpg 200w, https:\/\/www.piccolohotelversilia.it\/wp-content\/uploads\/2019\/02\/immersioni-1-400x227.jpg 400w, https:\/\/www.piccolohotelversilia.it\/wp-content\/uploads\/2019\/02\/immersioni-1-600x340.jpg 600w, https:\/\/www.piccolohotelversilia.it\/wp-content\/uploads\/2019\/02\/immersioni-1-800x454.jpg 800w, https:\/\/www.piccolohotelversilia.it\/wp-content\/uploads\/2019\/02\/immersioni-1.jpg 1000w\" sizes=\"auto, (max-width: 1105px) 100vw, 400px\" \/><\/span><\/div><div class=\"fusion-text\"><h4>Tauchen<\/h4>\n<p>In Marina di Campo gibt es Tauchbasen, die Sie zu wundervollen Unterwasserabenteuern einladen.<\/p>\n<\/div><div class=\"fusion-clearfix\"><\/div>\n\n\t\t\t\t\t<\/div>\n\t\t\t\t<\/div><\/div><\/div><div class=\"fusion-fullwidth fullwidth-box nonhundred-percent-fullwidth non-hundred-percent-height-scrolling\"  style='background-color: rgba(255,255,255,0);background-position: left top;background-repeat: no-repeat;padding-top:120px;padding-right:0px;padding-bottom:0px;padding-left:0px;border-top-width:0px;border-bottom-width:0px;border-color:#eae9e9;border-top-style:solid;border-bottom-style:solid;'><div class=\"fusion-builder-row fusion-row \"><div  class=\"fusion-layout-column fusion_builder_column fusion_builder_column_1_3 fusion-builder-column-9 fusion-one-third fusion-column-first 1_3\"  style='margin-top:0px;margin-bottom:20px;'>\n\t\t\t\t\t<div class=\"fusion-column-wrapper\" style=\"padding: 0px 0px 0px 0px;background-position:right bottom;background-repeat:no-repeat;-webkit-background-size:cover;-moz-background-size:cover;-o-background-size:cover;background-size:cover;\"   data-bg-url=\"\">\n\t\t\t\t\t\t<div class=\"fusion-column-content-centered\"><div class=\"fusion-column-content\"><div class=\"fusion-text\"><p style=\"letter-spacing: 4px; font-size: 13px; text-align: center; margin-bottom: 0px;\">HAUSMANNSKOST<\/p>\n<h1 style=\"text-align: center;\">Restaurant<\/h1>\n<\/div><div class=\"fusion-sep-clear\"><\/div><div class=\"fusion-separator sep-single sep-solid\" style=\"border-color:#cbaa5c;border-top-width:1px;margin-left: auto;margin-right: auto;margin-top:0px;margin-bottom:20px;width:100%;max-width:50px;\"><\/div><div class=\"fusion-text\"><p style=\"padding: 0px 50px; text-align: center;\">Unser K\u00fcchenchef ist hochqualifiziert und bereit, alle W\u00fcnsche zu erf\u00fcllen: von typischen elbanischen Gerichten bis hin zu speziellen Rezepten, die den Bed\u00fcrfnissen von Z\u00f6liakie-Betroffenen (AIC) entsprechen.<\/p>\n<\/div><div class=\"fusion-sep-clear\"><\/div><div class=\"fusion-separator fusion-full-width-sep sep-none\" style=\"margin-left: auto;margin-right: auto;margin-top:12px;\"><\/div><div class=\"fusion-button-wrapper fusion-aligncenter\"><style type=\"text\/css\" scoped=\"scoped\">.fusion-button.button-2 .fusion-button-text, .fusion-button.button-2 i {color:#105378;}.fusion-button.button-2 {border-width:0px;border-color:#105378;}.fusion-button.button-2 .fusion-button-icon-divider{border-color:#105378;}.fusion-button.button-2:hover .fusion-button-text, .fusion-button.button-2:hover i,.fusion-button.button-2:focus .fusion-button-text, .fusion-button.button-2:focus i,.fusion-button.button-2:active .fusion-button-text, .fusion-button.button-2:active{color:#105378;}.fusion-button.button-2:hover, .fusion-button.button-2:focus, .fusion-button.button-2:active{border-width:0px;border-color:#105378;}.fusion-button.button-2:hover .fusion-button-icon-divider, .fusion-button.button-2:hover .fusion-button-icon-divider, .fusion-button.button-2:active .fusion-button-icon-divider{border-color:#105378;}.fusion-button.button-2{width:auto;}<\/style><a class=\"fusion-button button-flat fusion-button-square button-large button-default button-2\" target=\"_self\" href=\"https:\/\/www.piccolohotelversilia.it\/de\/restaurant\/?lang=de\"><span class=\"fusion-button-text fusion-button-text-right\">UNSERE GERICHTE<\/span><span class=\"fusion-button-icon-divider button-icon-divider-right\"><i class=\"fa-angle-right fas\"><\/i><\/span><\/a><\/div><div class=\"fusion-sep-clear\"><\/div><div class=\"fusion-separator fusion-full-width-sep sep-none\" style=\"margin-left: auto;margin-right: auto;margin-top:55px;\"><\/div><\/div><\/div><div class=\"fusion-clearfix\"><\/div>\n\n\t\t\t\t\t<\/div>\n\t\t\t\t<\/div><div  class=\"fusion-layout-column fusion_builder_column fusion_builder_column_2_3 fusion-builder-column-10 fusion-two-third fusion-column-last fusion-blend-mode 2_3\"  style='margin-top:0px;margin-bottom:20px;'>\n\t\t\t\t\t<div class=\"fusion-column-wrapper\" style=\"background-color:#ffffff;border:1px solid #ebeef1;padding: 40px 40px 40px 40px;background-position:left top;background-repeat:no-repeat;-webkit-background-size:cover;-moz-background-size:cover;-o-background-size:cover;background-size:cover;\"   data-bg-url=\"\">\n\t\t\t\t\t\t<div class=\"imageframe-align-center\"><div class=\"imageframe-liftup\"><span style=\"border:13px solid #ffffff;-webkit-box-shadow: 3px 3px 7px rgba(0,0,0,0.3);box-shadow: 3px 3px 7px rgba(0,0,0,0.3);\" class=\"fusion-imageframe imageframe-dropshadow imageframe-4\"><a class=\"fusion-no-lightbox\" href=\"https:\/\/www.piccolohotelversilia.it\/de\/restaurant\/\" target=\"_blank\" aria-label=\"EPSON DSC picture\" rel=\"noopener noreferrer\"><img loading=\"lazy\" decoding=\"async\" src=\"https:\/\/www.piccolohotelversilia.it\/wp-content\/uploads\/2019\/02\/acciughe_al_limone.jpg\" width=\"640\" height=\"480\" alt=\"\" class=\"img-responsive wp-image-1910\" srcset=\"https:\/\/www.piccolohotelversilia.it\/wp-content\/uploads\/2019\/02\/acciughe_al_limone-200x150.jpg 200w, https:\/\/www.piccolohotelversilia.it\/wp-content\/uploads\/2019\/02\/acciughe_al_limone-400x300.jpg 400w, https:\/\/www.piccolohotelversilia.it\/wp-content\/uploads\/2019\/02\/acciughe_al_limone-600x450.jpg 600w, https:\/\/www.piccolohotelversilia.it\/wp-content\/uploads\/2019\/02\/acciughe_al_limone.jpg 640w\" sizes=\"auto, (max-width: 1105px) 100vw, 640px\" \/><\/a><\/span><\/div><\/div><div class=\"fusion-clearfix\"><\/div>\n\n\t\t\t\t\t<\/div>\n\t\t\t\t<\/div><\/div><\/div><div class=\"fusion-fullwidth fullwidth-box hundred-percent-fullwidth non-hundred-percent-height-scrolling\"  style='background-color: rgba(255,255,255,0);background-position: center center;background-repeat: no-repeat;padding-top:0px;padding-right:0px;padding-bottom:0px;padding-left:0px;margin-top: 20px;'><div class=\"fusion-builder-row fusion-row \"><div  class=\"fusion-layout-column fusion_builder_column fusion_builder_column_1_1 fusion-builder-column-11 fusion-one-full fusion-column-first fusion-column-last fusion-column-no-min-height 1_1\"  style='margin-top:0px;margin-bottom:0px;'>\n\t\t\t\t\t<div class=\"fusion-column-wrapper\" style=\"padding: 0px 0px 0px 0px;background-position:left top;background-repeat:no-repeat;-webkit-background-size:cover;-moz-background-size:cover;-o-background-size:cover;background-size:cover;\"   data-bg-url=\"\">\n\t\t\t\t\t\t<div class=\"fusion-sep-clear\"><\/div><div class=\"fusion-separator fusion-full-width-sep sep-none\" style=\"margin-left: auto;margin-right: auto;margin-top:;\"><\/div><div class=\"fusion-clearfix\"><\/div>\n\n\t\t\t\t\t<\/div>\n\t\t\t\t<\/div><\/div><\/div><\/p>\n","protected":false},"excerpt":{"rendered":"","protected":false},"author":1,"featured_media":0,"parent":0,"menu_order":0,"comment_status":"open","ping_status":"open","template":"100-width.php","meta":{"footnotes":""},"class_list":["post-2022","page","type-page","status-publish","hentry"],"_links":{"self":[{"href":"https:\/\/www.piccolohotelversilia.it\/de\/wp-json\/wp\/v2\/pages\/2022","targetHints":{"allow":["GET"]}}],"collection":[{"href":"https:\/\/www.piccolohotelversilia.it\/de\/wp-json\/wp\/v2\/pages"}],"about":[{"href":"https:\/\/www.piccolohotelversilia.it\/de\/wp-json\/wp\/v2\/types\/page"}],"author":[{"embeddable":true,"href":"https:\/\/www.piccolohotelversilia.it\/de\/wp-json\/wp\/v2\/users\/1"}],"replies":[{"embeddable":true,"href":"https:\/\/www.piccolohotelversilia.it\/de\/wp-json\/wp\/v2\/comments?post=2022"}],"version-history":[{"count":5,"href":"https:\/\/www.piccolohotelversilia.it\/de\/wp-json\/wp\/v2\/pages\/2022\/revisions"}],"predecessor-version":[{"id":2195,"href":"https:\/\/www.piccolohotelversilia.it\/de\/wp-json\/wp\/v2\/pages\/2022\/revisions\/2195"}],"wp:attachment":[{"href":"https:\/\/www.piccolohotelversilia.it\/de\/wp-json\/wp\/v2\/media?parent=2022"}],"curies":[{"name":"wp","href":"https:\/\/api.w.org\/{rel}","templated":true}]}}